{"id":256,"date":"2025-07-14T20:04:19","date_gmt":"2025-07-14T20:04:19","guid":{"rendered":"https:\/\/derfensterputzerausmkiez.de\/?page_id=256"},"modified":"2025-07-14T20:25:27","modified_gmt":"2025-07-14T20:25:27","slug":"impressum","status":"publish","type":"page","link":"https:\/\/derfensterputzerausmkiez.de\/?page_id=256","title":{"rendered":"Impressum"},"content":{"rendered":"\n<p>Sascha S\u00e4nger<\/p>\n\n\n\n<p>Der Fensterputzer aus&#8217;m Kiez<\/p>\n\n\n\n<p>bio-\u00f6kologisch professionelle Glasreinigung<\/p>\n\n\n\n<p>Gilgenburger Stra\u00dfe 5<\/p>\n\n\n\n<p>12587 Berlin<\/p>\n\n\n\n<p><strong>Kontakt<\/strong><\/p>\n\n\n\n<p>Telefon: 015781283517<\/p>\n\n\n\n<p>E-Mail: sascha@derfensterputzerausmkiez.de<\/p>\n\n\n\n<p><strong>Redaktionell verantwortlich<\/strong><\/p>\n\n\n\n<p>Sascha S\u00e4nger<\/p>\n\n\n\n<p>Gilgenburger Str. 5<\/p>\n\n\n\n<p>12587 Berlin<\/p>\n\n\n\n<p><strong>Verbraucherstreitbeilegung\/Universalschlichtungsstelle<\/strong><\/p>\n\n\n\n<p>Wir sind nicht bereit oder verpflichtet, an Streitbeilegungsverfahren vor einer Verbraucherschlichtungsstelle teilzunehmen.<\/p>\n\n\n\n<p><strong>Zentrale Kontaktstelle nach dem Digital Services Act &#8211; DSA<\/strong><\/p>\n\n\n\n<p>(Verordnung (EU) 2022\/265)<\/p>\n\n\n\n<p>Unsere zentrale Kontaktstelle f\u00fcr Nutzer und Beh\u00f6rden nach Art. 11, 12 DSA erreichen Sie wie folgt:<\/p>\n\n\n\n<p>E-Mail: sascha@derfensterputzerausmkiez.de<\/p>\n\n\n\n<p>Telefon: 015781283517<\/p>\n\n\n\n<p>Die f\u00fcr den Kontakt zur Verf\u00fcgung stehenden Sprachen sind: Deutsch, Englisch.<\/p>\n\n\n\n<p>Quelle:<\/p>\n\n\n\n<p><a href=\"https:\/\/www.e-recht24.de\">https:\/\/www.e-recht24.de<\/a><\/p>\n","protected":false},"excerpt":{"rendered":"<p>Sascha S\u00e4nger Der Fensterputzer aus&#8217;m Kiez bio-\u00f6kologisch professionelle Glasreinigung Gilgenburger Stra\u00dfe 5 12587 Berlin Kontakt Telefon: 015781283517 E-Mail: sascha@derfensterputzerausmkiez.de Redaktionell [&hellip;]<\/p>\n","protected":false},"author":1,"featured_media":0,"parent":0,"menu_order":0,"comment_status":"closed","ping_status":"closed","template":"","meta":{"site-sidebar-layout":"default","site-content-layout":"","ast-site-content-layout":"default","site-content-style":"default","site-sidebar-style":"default","ast-global-header-display":"","ast-banner-title-visibility":"","ast-main-header-display":"","ast-hfb-above-header-display":"","ast-hfb-below-header-display":"","ast-hfb-mobile-header-display":"","site-post-title":"","ast-breadcrumbs-content":"","ast-featured-img":"","footer-sml-layout":"","theme-transparent-header-meta":"","adv-header-id-meta":"","stick-header-meta":"","header-above-stick-meta":"","header-main-stick-meta":"","header-below-stick-meta":"","astra-migrate-meta-layouts":"default","ast-page-background-enabled":"default","ast-page-background-meta":{"desktop":{"background-color":"var(--ast-global-color-5)","background-image":"","background-repeat":"repeat","background-position":"center center","background-size":"auto","background-attachment":"scroll","background-type":"","background-media":"","overlay-type":"","overlay-color":"","overlay-opacity":"","overlay-gradient":""},"tablet":{"background-color":"","background-image":"","background-repeat":"repeat","background-position":"center center","background-size":"auto","background-attachment":"scroll","background-type":"","background-media":"","overlay-type":"","overlay-color":"","overlay-opacity":"","overlay-gradient":""},"mobile":{"background-color":"","background-image":"","background-repeat":"repeat","background-position":"center center","background-size":"auto","background-attachment":"scroll","background-type":"","background-media":"","overlay-type":"","overlay-color":"","overlay-opacity":"","overlay-gradient":""}},"ast-content-background-meta":{"desktop":{"background-color":"var(--ast-global-color-4)","background-image":"","background-repeat":"repeat","background-position":"center center","background-size":"auto","background-attachment":"scroll","background-type":"","background-media":"","overlay-type":"","overlay-color":"","overlay-opacity":"","overlay-gradient":""},"tablet":{"background-color":"var(--ast-global-color-4)","background-image":"","background-repeat":"repeat","background-position":"center center","background-size":"auto","background-attachment":"scroll","background-type":"","background-media":"","overlay-type":"","overlay-color":"","overlay-opacity":"","overlay-gradient":""},"mobile":{"background-color":"var(--ast-global-color-4)","background-image":"","background-repeat":"repeat","background-position":"center center","background-size":"auto","background-attachment":"scroll","background-type":"","background-media":"","overlay-type":"","overlay-color":"","overlay-opacity":"","overlay-gradient":""}},"footnotes":""},"class_list":["post-256","page","type-page","status-publish","hentry"],"yoast_head":"<!-- This site is optimized with the Yoast SEO plugin v27.4 - https:\/\/yoast.com\/product\/yoast-seo-wordpress\/ -->\n<title>Impressum - Der Fensterputzer aus`m Kiez<\/title>\n<meta name=\"robots\" content=\"index, follow, max-snippet:-1, max-image-preview:large, max-video-preview:-1\" \/>\n<link rel=\"canonical\" href=\"https:\/\/derfensterputzerausmkiez.de\/?page_id=256\" \/>\n<meta property=\"og:locale\" content=\"de_DE\" \/>\n<meta property=\"og:type\" content=\"article\" \/>\n<meta property=\"og:title\" content=\"Impressum - Der Fensterputzer aus`m Kiez\" \/>\n<meta property=\"og:description\" content=\"Sascha S\u00e4nger Der Fensterputzer aus&#8217;m Kiez bio-\u00f6kologisch professionelle Glasreinigung Gilgenburger Stra\u00dfe 5 12587 Berlin Kontakt Telefon: 015781283517 E-Mail: sascha@derfensterputzerausmkiez.de Redaktionell [&hellip;]\" \/>\n<meta property=\"og:url\" content=\"https:\/\/derfensterputzerausmkiez.de\/?page_id=256\" \/>\n<meta property=\"og:site_name\" content=\"Der Fensterputzer aus`m Kiez\" \/>\n<meta property=\"article:modified_time\" content=\"2025-07-14T20:25:27+00:00\" \/>\n<meta name=\"twitter:card\" content=\"summary_large_image\" \/>\n<meta name=\"twitter:label1\" content=\"Gesch\u00e4tzte Lesezeit\" \/>\n\t<meta name=\"twitter:data1\" content=\"1\u00a0Minute\" \/>\n<script type=\"application\/ld+json\" class=\"yoast-schema-graph\">{\"@context\":\"https:\\\/\\\/schema.org\",\"@graph\":[{\"@type\":\"WebPage\",\"@id\":\"https:\\\/\\\/derfensterputzerausmkiez.de\\\/?page_id=256\",\"url\":\"https:\\\/\\\/derfensterputzerausmkiez.de\\\/?page_id=256\",\"name\":\"Impressum - Der Fensterputzer aus`m Kiez\",\"isPartOf\":{\"@id\":\"https:\\\/\\\/derfensterputzerausmkiez.de\\\/#website\"},\"datePublished\":\"2025-07-14T20:04:19+00:00\",\"dateModified\":\"2025-07-14T20:25:27+00:00\",\"breadcrumb\":{\"@id\":\"https:\\\/\\\/derfensterputzerausmkiez.de\\\/?page_id=256#breadcrumb\"},\"inLanguage\":\"de\",\"potentialAction\":[{\"@type\":\"ReadAction\",\"target\":[\"https:\\\/\\\/derfensterputzerausmkiez.de\\\/?page_id=256\"]}]},{\"@type\":\"BreadcrumbList\",\"@id\":\"https:\\\/\\\/derfensterputzerausmkiez.de\\\/?page_id=256#breadcrumb\",\"itemListElement\":[{\"@type\":\"ListItem\",\"position\":1,\"name\":\"Startseite\",\"item\":\"https:\\\/\\\/derfensterputzerausmkiez.de\\\/\"},{\"@type\":\"ListItem\",\"position\":2,\"name\":\"Impressum\"}]},{\"@type\":\"WebSite\",\"@id\":\"https:\\\/\\\/derfensterputzerausmkiez.de\\\/#website\",\"url\":\"https:\\\/\\\/derfensterputzerausmkiez.de\\\/\",\"name\":\"Der Fensterputzer aus`m Kiez\",\"description\":\"bio-\u00f6kologisch professionelle Glasreinigung\",\"publisher\":{\"@id\":\"https:\\\/\\\/derfensterputzerausmkiez.de\\\/#organization\"},\"potentialAction\":[{\"@type\":\"SearchAction\",\"target\":{\"@type\":\"EntryPoint\",\"urlTemplate\":\"https:\\\/\\\/derfensterputzerausmkiez.de\\\/?s={search_term_string}\"},\"query-input\":{\"@type\":\"PropertyValueSpecification\",\"valueRequired\":true,\"valueName\":\"search_term_string\"}}],\"inLanguage\":\"de\"},{\"@type\":\"Organization\",\"@id\":\"https:\\\/\\\/derfensterputzerausmkiez.de\\\/#organization\",\"name\":\"Der Fensterputzer aus`m Kiez\",\"url\":\"https:\\\/\\\/derfensterputzerausmkiez.de\\\/\",\"logo\":{\"@type\":\"ImageObject\",\"inLanguage\":\"de\",\"@id\":\"https:\\\/\\\/derfensterputzerausmkiez.de\\\/#\\\/schema\\\/logo\\\/image\\\/\",\"url\":\"https:\\\/\\\/derfensterputzerausmkiez.de\\\/wp-content\\\/uploads\\\/2025\\\/06\\\/cropped-cropped-Anzeige-Friedrichshagen-konkret.png\",\"contentUrl\":\"https:\\\/\\\/derfensterputzerausmkiez.de\\\/wp-content\\\/uploads\\\/2025\\\/06\\\/cropped-cropped-Anzeige-Friedrichshagen-konkret.png\",\"width\":1086,\"height\":475,\"caption\":\"Der Fensterputzer aus`m Kiez\"},\"image\":{\"@id\":\"https:\\\/\\\/derfensterputzerausmkiez.de\\\/#\\\/schema\\\/logo\\\/image\\\/\"},\"sameAs\":[\"https:\\\/\\\/instagram.com\\\/derfensterputzerausmkiez\"]}]}<\/script>\n<!-- \/ Yoast SEO plugin. -->","yoast_head_json":{"title":"Impressum - Der Fensterputzer aus`m Kiez","robots":{"index":"index","follow":"follow","max-snippet":"max-snippet:-1","max-image-preview":"max-image-preview:large","max-video-preview":"max-video-preview:-1"},"canonical":"https:\/\/derfensterputzerausmkiez.de\/?page_id=256","og_locale":"de_DE","og_type":"article","og_title":"Impressum - Der Fensterputzer aus`m Kiez","og_description":"Sascha S\u00e4nger Der Fensterputzer aus&#8217;m Kiez bio-\u00f6kologisch professionelle Glasreinigung Gilgenburger Stra\u00dfe 5 12587 Berlin Kontakt Telefon: 015781283517 E-Mail: sascha@derfensterputzerausmkiez.de Redaktionell [&hellip;]","og_url":"https:\/\/derfensterputzerausmkiez.de\/?page_id=256","og_site_name":"Der Fensterputzer aus`m Kiez","article_modified_time":"2025-07-14T20:25:27+00:00","twitter_card":"summary_large_image","twitter_misc":{"Gesch\u00e4tzte Lesezeit":"1\u00a0Minute"},"schema":{"@context":"https:\/\/schema.org","@graph":[{"@type":"WebPage","@id":"https:\/\/derfensterputzerausmkiez.de\/?page_id=256","url":"https:\/\/derfensterputzerausmkiez.de\/?page_id=256","name":"Impressum - Der Fensterputzer aus`m Kiez","isPartOf":{"@id":"https:\/\/derfensterputzerausmkiez.de\/#website"},"datePublished":"2025-07-14T20:04:19+00:00","dateModified":"2025-07-14T20:25:27+00:00","breadcrumb":{"@id":"https:\/\/derfensterputzerausmkiez.de\/?page_id=256#breadcrumb"},"inLanguage":"de","potentialAction":[{"@type":"ReadAction","target":["https:\/\/derfensterputzerausmkiez.de\/?page_id=256"]}]},{"@type":"BreadcrumbList","@id":"https:\/\/derfensterputzerausmkiez.de\/?page_id=256#breadcrumb","itemListElement":[{"@type":"ListItem","position":1,"name":"Startseite","item":"https:\/\/derfensterputzerausmkiez.de\/"},{"@type":"ListItem","position":2,"name":"Impressum"}]},{"@type":"WebSite","@id":"https:\/\/derfensterputzerausmkiez.de\/#website","url":"https:\/\/derfensterputzerausmkiez.de\/","name":"Der Fensterputzer aus`m Kiez","description":"bio-\u00f6kologisch professionelle Glasreinigung","publisher":{"@id":"https:\/\/derfensterputzerausmkiez.de\/#organization"},"potentialAction":[{"@type":"SearchAction","target":{"@type":"EntryPoint","urlTemplate":"https:\/\/derfensterputzerausmkiez.de\/?s={search_term_string}"},"query-input":{"@type":"PropertyValueSpecification","valueRequired":true,"valueName":"search_term_string"}}],"inLanguage":"de"},{"@type":"Organization","@id":"https:\/\/derfensterputzerausmkiez.de\/#organization","name":"Der Fensterputzer aus`m Kiez","url":"https:\/\/derfensterputzerausmkiez.de\/","logo":{"@type":"ImageObject","inLanguage":"de","@id":"https:\/\/derfensterputzerausmkiez.de\/#\/schema\/logo\/image\/","url":"https:\/\/derfensterputzerausmkiez.de\/wp-content\/uploads\/2025\/06\/cropped-cropped-Anzeige-Friedrichshagen-konkret.png","contentUrl":"https:\/\/derfensterputzerausmkiez.de\/wp-content\/uploads\/2025\/06\/cropped-cropped-Anzeige-Friedrichshagen-konkret.png","width":1086,"height":475,"caption":"Der Fensterputzer aus`m Kiez"},"image":{"@id":"https:\/\/derfensterputzerausmkiez.de\/#\/schema\/logo\/image\/"},"sameAs":["https:\/\/instagram.com\/derfensterputzerausmkiez"]}]}},"_links":{"self":[{"href":"https:\/\/derfensterputzerausmkiez.de\/index.php?rest_route=\/wp\/v2\/pages\/256","targetHints":{"allow":["GET"]}}],"collection":[{"href":"https:\/\/derfensterputzerausmkiez.de\/index.php?rest_route=\/wp\/v2\/pages"}],"about":[{"href":"https:\/\/derfensterputzerausmkiez.de\/index.php?rest_route=\/wp\/v2\/types\/page"}],"author":[{"embeddable":true,"href":"https:\/\/derfensterputzerausmkiez.de\/index.php?rest_route=\/wp\/v2\/users\/1"}],"replies":[{"embeddable":true,"href":"https:\/\/derfensterputzerausmkiez.de\/index.php?rest_route=%2Fwp%2Fv2%2Fcomments&post=256"}],"version-history":[{"count":2,"href":"https:\/\/derfensterputzerausmkiez.de\/index.php?rest_route=\/wp\/v2\/pages\/256\/revisions"}],"predecessor-version":[{"id":268,"href":"https:\/\/derfensterputzerausmkiez.de\/index.php?rest_route=\/wp\/v2\/pages\/256\/revisions\/268"}],"wp:attachment":[{"href":"https:\/\/derfensterputzerausmkiez.de\/index.php?rest_route=%2Fwp%2Fv2%2Fmedia&parent=256"}],"curies":[{"name":"wp","href":"https:\/\/api.w.org\/{rel}","templated":true}]}}